{"id":5851,"date":"2025-11-17T13:44:27","date_gmt":"2025-11-17T13:44:27","guid":{"rendered":"https:\/\/hansaesthetics.eu\/toode\/elementre-spf-50-mineral-tinted-sunscreen-for-face-medium-50-ml\/"},"modified":"2026-05-05T14:24:17","modified_gmt":"2026-05-05T11:24:17","slug":"elementre-spf-50-mineral-tinted-sunscreen-for-face-medium-50-ml","status":"publish","type":"product","link":"https:\/\/hansaesthetics.eu\/en\/product\/elementre-spf-50-mineral-tinted-sunscreen-for-face-medium-50-ml\/","title":{"rendered":"Elementr\u0113 SPF 50+ Mineral Tinted Sunscreen for Face &#8211; Medium, 50 ml"},"content":{"rendered":"<p><strong>How to use<\/strong>:<\/p>\n<ul>\n<li>Cleanse and dry the skin before use<\/li>\n<li>Apply generously to the entire face and neck 15 minutes before sun exposure<\/li>\n<li>Reapply every 2 hours to maintain original protection<\/li>\n<li>Reapply after sweating, swimming, or exercising<\/li>\n<li>Use every morning as the final step of your daily skincare routine<\/li>\n<\/ul>\n<p>Leaves no white cast or greasy residue<\/p>\n<p><strong>Active ingredients<\/strong>:<\/p>\n<p>Glycerin: increases skin moisture, relieves dryness.<\/p>\n<p>Filters: protect against UVA\/UVB rays responsible for photoaging and sunspots.<\/p>\n<p><strong>Ingredients<\/strong>: Aqua (Water), C15-19 Alkane, Titanium Dioxide [nano], Ethylhexyl Palmitate, PEG-30 Dipolyhydroxystearate, Oryza Sativa (Rice) Starch, Glycerin, Stearic Acid, Alumina, Pentylene Glycol, Polyglyceryl-3 Diisostearate, Silica, Zinc Oxide [nano], Cl 77492 (Iron Oxides), 1,2-Hexanediol, Cl 77891 (Titanium Dioxide), Cl 77491 (Iron Oxides), Magnesium Sulfate, Trihydroxystearin, Cl 77499 (Iron Oxides), O-Cymen-5-01, Triethoxycaprylylsilane          <\/p>\n","protected":false},"excerpt":{"rendered":"<p class=\"\" data-start=\"70\" data-end=\"246\"><strong data-start=\"70\" data-end=\"246\">SPF 50+ light tinted mineral sunscreen offers maximum protection thanks to a 100% mineral filter, ensuring very high-level protection against UV radiation.<\/strong><\/p>\n<ul data-start=\"248\" data-end=\"534\">\n<li class=\"\" data-start=\"248\" data-end=\"291\">\n<p class=\"\" data-start=\"250\" data-end=\"291\">SPF 50+ protection against UVA and UVB rays<\/p>\n<\/li>\n<li class=\"\" data-start=\"292\" data-end=\"339\">\n<p class=\"\" data-start=\"294\" data-end=\"339\">Dermatologically tested on sensitive skin<\/p>\n<\/li>\n<li class=\"\" data-start=\"410\" data-end=\"460\">\n<p class=\"\" data-start=\"412\" data-end=\"460\">Non-sticky and lightweight BB cream-like texture<\/p>\n<\/li>\n<li class=\"\" data-start=\"461\" data-end=\"495\">\n<p class=\"\" data-start=\"463\" data-end=\"495\">Long-lasting and waterproof<\/p>\n<\/li>\n<li class=\"\" data-start=\"496\" data-end=\"534\">\n<p class=\"\" data-start=\"498\" data-end=\"534\">Non-comedogenic (does not clog pores)<\/p>\n<\/li>\n<\/ul>\n<p>&nbsp;<\/p>\n<p>Size 50 ml<\/p>\n","protected":false},"featured_media":5852,"template":"","meta":[],"product_brand":[],"product_cat":[187,205,229],"product_tag":[200,226],"class_list":{"0":"post-5851","1":"product","2":"type-product","3":"status-publish","4":"has-post-thumbnail","6":"product_cat-dermacosmetics","7":"product_cat-facial-care","8":"product_cat-sunscreen","9":"product_tag-for-home-users","10":"product_tag-step-3","12":"first","13":"instock","14":"taxable","15":"shipping-taxable","16":"purchasable","17":"product-type-simple"},"yoast_head":"<!-- This site is optimized with the Yoast SEO plugin v27.6 - https:\/\/yoast.com\/product\/yoast-seo-wordpress\/ -->\n<title>Elementr\u0113 SPF 50+ Mineral Tinted Sunscreen for Face - Medium, 50 ml \u2013 Professionaalne nahahooldus | Hansa Esthetics<\/title>\n<meta name=\"description\" content=\"SPF 50+ light tinted mineral sunscreen offers maximum protection thanks to a 100% mineral filter, ensuring very high-level protection against UV radiation.   SPF 50+ protection against UVA and UVB rays   Dermatologically tested on sensitive skin   Non-sticky and lightweight BB cream-like texture   Long-lasting and waterproof   Non-comedogenic (does not clog pores)  &nbsp; Size 50 ml Professional dermocosmetics and aesthetic medicine products. Fast delivery across Estonia.\" \/>\n<meta name=\"robots\" content=\"index, follow, max-snippet:-1, max-image-preview:large, max-video-preview:-1\" \/>\n<link rel=\"canonical\" href=\"https:\/\/hansaesthetics.eu\/en\/product\/elementre-spf-50-mineral-tinted-sunscreen-for-face-medium-50-ml\/\" \/>\n<meta property=\"og:locale\" content=\"en_US\" \/>\n<meta property=\"og:type\" content=\"article\" \/>\n<meta property=\"og:title\" content=\"Elementr\u0113 SPF 50+ Mineral Tinted Sunscreen for Face - Medium, 50 ml \u2013 Professionaalne nahahooldus | Hansa Esthetics\" \/>\n<meta property=\"og:description\" content=\"SPF 50+ light tinted mineral sunscreen offers maximum protection thanks to a 100% mineral filter, ensuring very high-level protection against UV radiation.   SPF 50+ protection against UVA and UVB rays   Dermatologically tested on sensitive skin   Non-sticky and lightweight BB cream-like texture   Long-lasting and waterproof   Non-comedogenic (does not clog pores)  &nbsp; Size 50 ml Professional dermocosmetics and aesthetic medicine products. Fast delivery across Estonia.\" \/>\n<meta property=\"og:url\" content=\"https:\/\/hansaesthetics.eu\/en\/product\/elementre-spf-50-mineral-tinted-sunscreen-for-face-medium-50-ml\/\" \/>\n<meta property=\"og:site_name\" content=\"Hansa Esthetics\" \/>\n<meta property=\"article:publisher\" content=\"https:\/\/www.facebook.com\/hansaesthetics.eu\" \/>\n<meta property=\"article:modified_time\" content=\"2026-05-05T11:24:17+00:00\" \/>\n<meta property=\"og:image\" content=\"https:\/\/hansaesthetics.eu\/wp-content\/uploads\/2025\/11\/medium.png\" \/>\n\t<meta property=\"og:image:width\" content=\"600\" \/>\n\t<meta property=\"og:image:height\" content=\"1000\" \/>\n\t<meta property=\"og:image:type\" content=\"image\/png\" \/>\n<meta name=\"twitter:card\" content=\"summary_large_image\" \/>\n<meta name=\"twitter:label1\" content=\"Est. reading time\" \/>\n\t<meta name=\"twitter:data1\" content=\"1 minute\" \/>\n<script type=\"application\/ld+json\" class=\"yoast-schema-graph\">{\"@context\":\"https:\\\/\\\/schema.org\",\"@graph\":[{\"@type\":\"WebPage\",\"@id\":\"https:\\\/\\\/hansaesthetics.eu\\\/en\\\/product\\\/elementre-spf-50-mineral-tinted-sunscreen-for-face-medium-50-ml\\\/\",\"url\":\"https:\\\/\\\/hansaesthetics.eu\\\/en\\\/product\\\/elementre-spf-50-mineral-tinted-sunscreen-for-face-medium-50-ml\\\/\",\"name\":\"Elementr\u0113 SPF 50+ Mineral Tinted Sunscreen for Face - Medium, 50 ml \u2013 Professionaalne nahahooldus | Hansa Esthetics\",\"isPartOf\":{\"@id\":\"https:\\\/\\\/hansaesthetics.eu\\\/en\\\/#website\"},\"primaryImageOfPage\":{\"@id\":\"https:\\\/\\\/hansaesthetics.eu\\\/en\\\/product\\\/elementre-spf-50-mineral-tinted-sunscreen-for-face-medium-50-ml\\\/#primaryimage\"},\"image\":{\"@id\":\"https:\\\/\\\/hansaesthetics.eu\\\/en\\\/product\\\/elementre-spf-50-mineral-tinted-sunscreen-for-face-medium-50-ml\\\/#primaryimage\"},\"thumbnailUrl\":\"https:\\\/\\\/hansaesthetics.eu\\\/wp-content\\\/uploads\\\/2025\\\/11\\\/medium.png\",\"datePublished\":\"2025-11-17T13:44:27+00:00\",\"dateModified\":\"2026-05-05T11:24:17+00:00\",\"description\":\"SPF 50+ light tinted mineral sunscreen offers maximum protection thanks to a 100% mineral filter, ensuring very high-level protection against UV radiation. SPF 50+ protection against UVA and UVB rays Dermatologically tested on sensitive skin Non-sticky and lightweight BB cream-like texture Long-lasting and waterproof Non-comedogenic (does not clog pores) &nbsp; Size 50 ml Professional dermocosmetics and aesthetic medicine products. Fast delivery across Estonia.\",\"breadcrumb\":{\"@id\":\"https:\\\/\\\/hansaesthetics.eu\\\/en\\\/product\\\/elementre-spf-50-mineral-tinted-sunscreen-for-face-medium-50-ml\\\/#breadcrumb\"},\"inLanguage\":\"en-US\",\"potentialAction\":[{\"@type\":\"ReadAction\",\"target\":[\"https:\\\/\\\/hansaesthetics.eu\\\/en\\\/product\\\/elementre-spf-50-mineral-tinted-sunscreen-for-face-medium-50-ml\\\/\"]}]},{\"@type\":\"ImageObject\",\"inLanguage\":\"en-US\",\"@id\":\"https:\\\/\\\/hansaesthetics.eu\\\/en\\\/product\\\/elementre-spf-50-mineral-tinted-sunscreen-for-face-medium-50-ml\\\/#primaryimage\",\"url\":\"https:\\\/\\\/hansaesthetics.eu\\\/wp-content\\\/uploads\\\/2025\\\/11\\\/medium.png\",\"contentUrl\":\"https:\\\/\\\/hansaesthetics.eu\\\/wp-content\\\/uploads\\\/2025\\\/11\\\/medium.png\",\"width\":600,\"height\":1000,\"caption\":\"Elementr\u0113 SPF 50+ Mineraalne tooniv p\u00e4ikesekaitsekreem n\u00e4ole- Medium, 50 ml\"},{\"@type\":\"BreadcrumbList\",\"@id\":\"https:\\\/\\\/hansaesthetics.eu\\\/en\\\/product\\\/elementre-spf-50-mineral-tinted-sunscreen-for-face-medium-50-ml\\\/#breadcrumb\",\"itemListElement\":[{\"@type\":\"ListItem\",\"position\":1,\"name\":\"Home\",\"item\":\"https:\\\/\\\/hansaesthetics.eu\\\/en\\\/home\\\/\"},{\"@type\":\"ListItem\",\"position\":2,\"name\":\"E-shop\",\"item\":\"https:\\\/\\\/hansaesthetics.eu\\\/en\\\/e-shop\\\/\"},{\"@type\":\"ListItem\",\"position\":3,\"name\":\"Dermocosmetics\",\"item\":\"https:\\\/\\\/hansaesthetics.eu\\\/en\\\/product-category\\\/dermacosmetics\\\/\"},{\"@type\":\"ListItem\",\"position\":4,\"name\":\"Skincare\",\"item\":\"https:\\\/\\\/hansaesthetics.eu\\\/en\\\/product-category\\\/dermacosmetics\\\/facial-care\\\/\"},{\"@type\":\"ListItem\",\"position\":5,\"name\":\"Sunscreen\",\"item\":\"https:\\\/\\\/hansaesthetics.eu\\\/en\\\/product-category\\\/dermacosmetics\\\/facial-care\\\/sunscreen\\\/\"},{\"@type\":\"ListItem\",\"position\":6,\"name\":\"Elementr\u0113 SPF 50+ Mineral Tinted Sunscreen for Face &#8211; Medium, 50 ml\"}]},{\"@type\":\"WebSite\",\"@id\":\"https:\\\/\\\/hansaesthetics.eu\\\/en\\\/#website\",\"url\":\"https:\\\/\\\/hansaesthetics.eu\\\/en\\\/\",\"name\":\"Hansa Esthetics\",\"description\":\"Meticulous skin care and professional solutions | Hansa Esthetics\",\"publisher\":{\"@id\":\"https:\\\/\\\/hansaesthetics.eu\\\/en\\\/#organization\"},\"alternateName\":\"Hansa\",\"potentialAction\":[{\"@type\":\"SearchAction\",\"target\":{\"@type\":\"EntryPoint\",\"urlTemplate\":\"https:\\\/\\\/hansaesthetics.eu\\\/en\\\/?s={search_term_string}\"},\"query-input\":{\"@type\":\"PropertyValueSpecification\",\"valueRequired\":true,\"valueName\":\"search_term_string\"}}],\"inLanguage\":\"en-US\"},{\"@type\":\"Organization\",\"@id\":\"https:\\\/\\\/hansaesthetics.eu\\\/en\\\/#organization\",\"name\":\"Hansa Esthetics\",\"url\":\"https:\\\/\\\/hansaesthetics.eu\\\/en\\\/\",\"logo\":{\"@type\":\"ImageObject\",\"inLanguage\":\"en-US\",\"@id\":\"https:\\\/\\\/hansaesthetics.eu\\\/en\\\/#\\\/schema\\\/logo\\\/image\\\/\",\"url\":\"https:\\\/\\\/hansaesthetics.eu\\\/wp-content\\\/uploads\\\/2022\\\/09\\\/1-hansa-esthetics-logo-black-transparent-PNG.png\",\"contentUrl\":\"https:\\\/\\\/hansaesthetics.eu\\\/wp-content\\\/uploads\\\/2022\\\/09\\\/1-hansa-esthetics-logo-black-transparent-PNG.png\",\"width\":454,\"height\":200,\"caption\":\"Hansa Esthetics\"},\"image\":{\"@id\":\"https:\\\/\\\/hansaesthetics.eu\\\/en\\\/#\\\/schema\\\/logo\\\/image\\\/\"},\"sameAs\":[\"https:\\\/\\\/www.facebook.com\\\/hansaesthetics.eu\",\"https:\\\/\\\/www.instagram.com\\\/hansa_esthetics\\\/\"]}]}<\/script>\n<!-- \/ Yoast SEO plugin. -->","yoast_head_json":{"title":"Elementr\u0113 SPF 50+ Mineral Tinted Sunscreen for Face - Medium, 50 ml \u2013 Professionaalne nahahooldus | Hansa Esthetics","description":"SPF 50+ light tinted mineral sunscreen offers maximum protection thanks to a 100% mineral filter, ensuring very high-level protection against UV radiation.   SPF 50+ protection against UVA and UVB rays   Dermatologically tested on sensitive skin   Non-sticky and lightweight BB cream-like texture   Long-lasting and waterproof   Non-comedogenic (does not clog pores)  &nbsp; Size 50 ml Professional dermocosmetics and aesthetic medicine products. Fast delivery across Estonia.","robots":{"index":"index","follow":"follow","max-snippet":"max-snippet:-1","max-image-preview":"max-image-preview:large","max-video-preview":"max-video-preview:-1"},"canonical":"https:\/\/hansaesthetics.eu\/en\/product\/elementre-spf-50-mineral-tinted-sunscreen-for-face-medium-50-ml\/","og_locale":"en_US","og_type":"article","og_title":"Elementr\u0113 SPF 50+ Mineral Tinted Sunscreen for Face - Medium, 50 ml \u2013 Professionaalne nahahooldus | Hansa Esthetics","og_description":"SPF 50+ light tinted mineral sunscreen offers maximum protection thanks to a 100% mineral filter, ensuring very high-level protection against UV radiation.   SPF 50+ protection against UVA and UVB rays   Dermatologically tested on sensitive skin   Non-sticky and lightweight BB cream-like texture   Long-lasting and waterproof   Non-comedogenic (does not clog pores)  &nbsp; Size 50 ml Professional dermocosmetics and aesthetic medicine products. Fast delivery across Estonia.","og_url":"https:\/\/hansaesthetics.eu\/en\/product\/elementre-spf-50-mineral-tinted-sunscreen-for-face-medium-50-ml\/","og_site_name":"Hansa Esthetics","article_publisher":"https:\/\/www.facebook.com\/hansaesthetics.eu","article_modified_time":"2026-05-05T11:24:17+00:00","og_image":[{"width":600,"height":1000,"url":"https:\/\/hansaesthetics.eu\/wp-content\/uploads\/2025\/11\/medium.png","type":"image\/png"}],"twitter_card":"summary_large_image","twitter_misc":{"Est. reading time":"1 minute"},"schema":{"@context":"https:\/\/schema.org","@graph":[{"@type":"WebPage","@id":"https:\/\/hansaesthetics.eu\/en\/product\/elementre-spf-50-mineral-tinted-sunscreen-for-face-medium-50-ml\/","url":"https:\/\/hansaesthetics.eu\/en\/product\/elementre-spf-50-mineral-tinted-sunscreen-for-face-medium-50-ml\/","name":"Elementr\u0113 SPF 50+ Mineral Tinted Sunscreen for Face - Medium, 50 ml \u2013 Professionaalne nahahooldus | Hansa Esthetics","isPartOf":{"@id":"https:\/\/hansaesthetics.eu\/en\/#website"},"primaryImageOfPage":{"@id":"https:\/\/hansaesthetics.eu\/en\/product\/elementre-spf-50-mineral-tinted-sunscreen-for-face-medium-50-ml\/#primaryimage"},"image":{"@id":"https:\/\/hansaesthetics.eu\/en\/product\/elementre-spf-50-mineral-tinted-sunscreen-for-face-medium-50-ml\/#primaryimage"},"thumbnailUrl":"https:\/\/hansaesthetics.eu\/wp-content\/uploads\/2025\/11\/medium.png","datePublished":"2025-11-17T13:44:27+00:00","dateModified":"2026-05-05T11:24:17+00:00","description":"SPF 50+ light tinted mineral sunscreen offers maximum protection thanks to a 100% mineral filter, ensuring very high-level protection against UV radiation. SPF 50+ protection against UVA and UVB rays Dermatologically tested on sensitive skin Non-sticky and lightweight BB cream-like texture Long-lasting and waterproof Non-comedogenic (does not clog pores) &nbsp; Size 50 ml Professional dermocosmetics and aesthetic medicine products. Fast delivery across Estonia.","breadcrumb":{"@id":"https:\/\/hansaesthetics.eu\/en\/product\/elementre-spf-50-mineral-tinted-sunscreen-for-face-medium-50-ml\/#breadcrumb"},"inLanguage":"en-US","potentialAction":[{"@type":"ReadAction","target":["https:\/\/hansaesthetics.eu\/en\/product\/elementre-spf-50-mineral-tinted-sunscreen-for-face-medium-50-ml\/"]}]},{"@type":"ImageObject","inLanguage":"en-US","@id":"https:\/\/hansaesthetics.eu\/en\/product\/elementre-spf-50-mineral-tinted-sunscreen-for-face-medium-50-ml\/#primaryimage","url":"https:\/\/hansaesthetics.eu\/wp-content\/uploads\/2025\/11\/medium.png","contentUrl":"https:\/\/hansaesthetics.eu\/wp-content\/uploads\/2025\/11\/medium.png","width":600,"height":1000,"caption":"Elementr\u0113 SPF 50+ Mineraalne tooniv p\u00e4ikesekaitsekreem n\u00e4ole- Medium, 50 ml"},{"@type":"BreadcrumbList","@id":"https:\/\/hansaesthetics.eu\/en\/product\/elementre-spf-50-mineral-tinted-sunscreen-for-face-medium-50-ml\/#breadcrumb","itemListElement":[{"@type":"ListItem","position":1,"name":"Home","item":"https:\/\/hansaesthetics.eu\/en\/home\/"},{"@type":"ListItem","position":2,"name":"E-shop","item":"https:\/\/hansaesthetics.eu\/en\/e-shop\/"},{"@type":"ListItem","position":3,"name":"Dermocosmetics","item":"https:\/\/hansaesthetics.eu\/en\/product-category\/dermacosmetics\/"},{"@type":"ListItem","position":4,"name":"Skincare","item":"https:\/\/hansaesthetics.eu\/en\/product-category\/dermacosmetics\/facial-care\/"},{"@type":"ListItem","position":5,"name":"Sunscreen","item":"https:\/\/hansaesthetics.eu\/en\/product-category\/dermacosmetics\/facial-care\/sunscreen\/"},{"@type":"ListItem","position":6,"name":"Elementr\u0113 SPF 50+ Mineral Tinted Sunscreen for Face &#8211; Medium, 50 ml"}]},{"@type":"WebSite","@id":"https:\/\/hansaesthetics.eu\/en\/#website","url":"https:\/\/hansaesthetics.eu\/en\/","name":"Hansa Esthetics","description":"Meticulous skin care and professional solutions | Hansa Esthetics","publisher":{"@id":"https:\/\/hansaesthetics.eu\/en\/#organization"},"alternateName":"Hansa","potentialAction":[{"@type":"SearchAction","target":{"@type":"EntryPoint","urlTemplate":"https:\/\/hansaesthetics.eu\/en\/?s={search_term_string}"},"query-input":{"@type":"PropertyValueSpecification","valueRequired":true,"valueName":"search_term_string"}}],"inLanguage":"en-US"},{"@type":"Organization","@id":"https:\/\/hansaesthetics.eu\/en\/#organization","name":"Hansa Esthetics","url":"https:\/\/hansaesthetics.eu\/en\/","logo":{"@type":"ImageObject","inLanguage":"en-US","@id":"https:\/\/hansaesthetics.eu\/en\/#\/schema\/logo\/image\/","url":"https:\/\/hansaesthetics.eu\/wp-content\/uploads\/2022\/09\/1-hansa-esthetics-logo-black-transparent-PNG.png","contentUrl":"https:\/\/hansaesthetics.eu\/wp-content\/uploads\/2022\/09\/1-hansa-esthetics-logo-black-transparent-PNG.png","width":454,"height":200,"caption":"Hansa Esthetics"},"image":{"@id":"https:\/\/hansaesthetics.eu\/en\/#\/schema\/logo\/image\/"},"sameAs":["https:\/\/www.facebook.com\/hansaesthetics.eu","https:\/\/www.instagram.com\/hansa_esthetics\/"]}]}},"_links":{"self":[{"href":"https:\/\/hansaesthetics.eu\/en\/wp-json\/wp\/v2\/product\/5851","targetHints":{"allow":["GET"]}}],"collection":[{"href":"https:\/\/hansaesthetics.eu\/en\/wp-json\/wp\/v2\/product"}],"about":[{"href":"https:\/\/hansaesthetics.eu\/en\/wp-json\/wp\/v2\/types\/product"}],"version-history":[{"count":0,"href":"https:\/\/hansaesthetics.eu\/en\/wp-json\/wp\/v2\/product\/5851\/revisions"}],"wp:featuredmedia":[{"embeddable":true,"href":"https:\/\/hansaesthetics.eu\/en\/wp-json\/wp\/v2\/media\/5852"}],"wp:attachment":[{"href":"https:\/\/hansaesthetics.eu\/en\/wp-json\/wp\/v2\/media?parent=5851"}],"wp:term":[{"taxonomy":"product_brand","embeddable":true,"href":"https:\/\/hansaesthetics.eu\/en\/wp-json\/wp\/v2\/product_brand?post=5851"},{"taxonomy":"product_cat","embeddable":true,"href":"https:\/\/hansaesthetics.eu\/en\/wp-json\/wp\/v2\/product_cat?post=5851"},{"taxonomy":"product_tag","embeddable":true,"href":"https:\/\/hansaesthetics.eu\/en\/wp-json\/wp\/v2\/product_tag?post=5851"}],"curies":[{"name":"wp","href":"https:\/\/api.w.org\/{rel}","templated":true}]}}