{"id":5841,"date":"2025-11-17T14:42:49","date_gmt":"2025-11-17T14:42:49","guid":{"rendered":"https:\/\/hansaesthetics.eu\/toode\/elementre-enzyme-peel-with-3-papaya-extract-75-ml\/"},"modified":"2025-11-17T14:42:49","modified_gmt":"2025-11-17T14:42:49","slug":"elementre-enzyme-peel-with-3-papaya-extract-75-ml","status":"publish","type":"product","link":"https:\/\/hansaesthetics.eu\/en\/product\/elementre-enzyme-peel-with-3-papaya-extract-75-ml\/","title":{"rendered":"Elementr\u0113 Enzyme Peel with 3% Papaya Extract, 75 ml"},"content":{"rendered":"<p><strong>Active ingredients<\/strong>:<\/p>\n<p>Papaya: removes dead skin cells.<\/p>\n<p>Glycerin: increases skin moisture, relieves dryness.<\/p>\n<p>Yuzu: boosts collagen production and promotes rejuvenation through its antioxidant properties.<\/p>\n<p><strong>How to use the Enzyme Peel<\/strong><\/p>\n<ul>\n<li>Cleanse and dry the skin before use.<\/li>\n<li>Use morning or evening 2\u20133 times a week.<\/li>\n<li>Apply the gel to dry or damp skin. Avoid damaged skin and the eye area.<\/li>\n<li>Leave on for 3\u20135 minutes.<\/li>\n<li>Massage in circular motions, focusing on areas that need deeper cleansing.<\/li>\n<li>Rinse thoroughly with lukewarm water until all residue is removed.<\/li>\n<li>Follow with your regular skincare routine. During the day, it is recommended to use sunscreen to protect the skin from UV radiation and the harmful effects of photoaging.<\/li>\n<\/ul>\n<p><b>Ingredients: <\/b>Aqua (Water), Glycerin, Alcohol Denat., Hydrogenated Castor Oil, Phenoxyethanol, Sodium Polyacrylate, PEG-40 Hydrogenated Castor Oil, Acrylates\/C10-30 Alkyl Acrylate Crosspolymer, Sodium Polyacrylate Starch, Papain, Pentylene Glycol, Butylene Glycol, Methyl Diisopropyl Propionamide, 1,2-Hexanediol, Caprylyl Glycol, Carbomer, Citric Acid, Sodium Hydroxide, Algin, Parfum (Fragrance), Citrus Junos (Yuzu) Fruit Extract, CI 19140, CI 42090.<\/p>\n","protected":false},"excerpt":{"rendered":"<p>Elementr\u0113 Enzyme Peel Gel is a 3% concentrated papaya enzyme exfoliant that gently exfoliates the skin. In addition to its gentle exfoliating effect, the papain enzyme has skin-soothing and anti-inflammatory properties. Dead skin cells and excess sebum are gently removed, leaving the skin feeling healthy and smooth. Glycerin and Yuzu relieve dryness while stimulating collagen production, contributing to an anti-aging and rejuvenating effect. Suitable for all skin types.<\/p>\n<p>&nbsp;<\/p>\n<p>Size 75 ml<\/p>\n","protected":false},"featured_media":7282,"template":"","meta":[],"product_brand":[],"product_cat":[187,211,205],"product_tag":[200,227],"class_list":{"0":"post-5841","1":"product","2":"type-product","3":"status-publish","4":"has-post-thumbnail","6":"product_cat-dermacosmetics","7":"product_cat-facial-cleansing","8":"product_cat-facial-care","9":"product_tag-for-home-users","10":"product_tag-step-1","12":"first","13":"instock","14":"taxable","15":"shipping-taxable","16":"purchasable","17":"product-type-simple"},"yoast_head":"<!-- This site is optimized with the Yoast SEO plugin v27.6 - https:\/\/yoast.com\/product\/yoast-seo-wordpress\/ -->\n<title>Elementr\u0113 Enzyme Peel with 3% Papaya Extract, 75 ml \u2013 Professionaalne nahahooldus | Hansa Esthetics<\/title>\n<meta name=\"description\" content=\"Elementr\u0113 Enzyme Peel Gel is a 3% concentrated papaya enzyme exfoliant that gently exfoliates the skin. In addition to its gentle exfoliating effect, the papain enzyme has skin-soothing and anti-inflammatory properties. Dead skin cells and excess sebum are gently removed, leaving the skin feeling healthy and smooth. Glycerin and Yuzu relieve dryness while stimulating collagen production, contributing to an anti-aging and rejuvenating effect. Suitable for all skin types. &nbsp; Size 75 ml Professional dermocosmetics and aesthetic medicine products. Fast delivery across Estonia.\" \/>\n<meta name=\"robots\" content=\"index, follow, max-snippet:-1, max-image-preview:large, max-video-preview:-1\" \/>\n<link rel=\"canonical\" href=\"https:\/\/hansaesthetics.eu\/en\/product\/elementre-enzyme-peel-with-3-papaya-extract-75-ml\/\" \/>\n<meta property=\"og:locale\" content=\"en_US\" \/>\n<meta property=\"og:type\" content=\"article\" \/>\n<meta property=\"og:title\" content=\"Elementr\u0113 Enzyme Peel with 3% Papaya Extract, 75 ml \u2013 Professionaalne nahahooldus | Hansa Esthetics\" \/>\n<meta property=\"og:description\" content=\"Elementr\u0113 Enzyme Peel Gel is a 3% concentrated papaya enzyme exfoliant that gently exfoliates the skin. In addition to its gentle exfoliating effect, the papain enzyme has skin-soothing and anti-inflammatory properties. Dead skin cells and excess sebum are gently removed, leaving the skin feeling healthy and smooth. Glycerin and Yuzu relieve dryness while stimulating collagen production, contributing to an anti-aging and rejuvenating effect. Suitable for all skin types. &nbsp; Size 75 ml Professional dermocosmetics and aesthetic medicine products. Fast delivery across Estonia.\" \/>\n<meta property=\"og:url\" content=\"https:\/\/hansaesthetics.eu\/en\/product\/elementre-enzyme-peel-with-3-papaya-extract-75-ml\/\" \/>\n<meta property=\"og:site_name\" content=\"Hansa Esthetics\" \/>\n<meta property=\"article:publisher\" content=\"https:\/\/www.facebook.com\/hansaesthetics.eu\" \/>\n<meta property=\"og:image\" content=\"https:\/\/hansaesthetics.eu\/wp-content\/uploads\/2025\/11\/Elementre-3-papaiaektraktiga-ensuumkoorija-75-ml.png\" \/>\n\t<meta property=\"og:image:width\" content=\"600\" \/>\n\t<meta property=\"og:image:height\" content=\"1000\" \/>\n\t<meta property=\"og:image:type\" content=\"image\/png\" \/>\n<meta name=\"twitter:card\" content=\"summary_large_image\" \/>\n<meta name=\"twitter:label1\" content=\"Est. reading time\" \/>\n\t<meta name=\"twitter:data1\" content=\"1 minute\" \/>\n<script type=\"application\/ld+json\" class=\"yoast-schema-graph\">{\"@context\":\"https:\\\/\\\/schema.org\",\"@graph\":[{\"@type\":\"WebPage\",\"@id\":\"https:\\\/\\\/hansaesthetics.eu\\\/en\\\/product\\\/elementre-enzyme-peel-with-3-papaya-extract-75-ml\\\/\",\"url\":\"https:\\\/\\\/hansaesthetics.eu\\\/en\\\/product\\\/elementre-enzyme-peel-with-3-papaya-extract-75-ml\\\/\",\"name\":\"Elementr\u0113 Enzyme Peel with 3% Papaya Extract, 75 ml \u2013 Professionaalne nahahooldus | Hansa Esthetics\",\"isPartOf\":{\"@id\":\"https:\\\/\\\/hansaesthetics.eu\\\/en\\\/#website\"},\"primaryImageOfPage\":{\"@id\":\"https:\\\/\\\/hansaesthetics.eu\\\/en\\\/product\\\/elementre-enzyme-peel-with-3-papaya-extract-75-ml\\\/#primaryimage\"},\"image\":{\"@id\":\"https:\\\/\\\/hansaesthetics.eu\\\/en\\\/product\\\/elementre-enzyme-peel-with-3-papaya-extract-75-ml\\\/#primaryimage\"},\"thumbnailUrl\":\"https:\\\/\\\/hansaesthetics.eu\\\/wp-content\\\/uploads\\\/2025\\\/11\\\/Elementre-3-papaiaektraktiga-ensuumkoorija-75-ml.png\",\"datePublished\":\"2025-11-17T14:42:49+00:00\",\"description\":\"Elementr\u0113 Enzyme Peel Gel is a 3% concentrated papaya enzyme exfoliant that gently exfoliates the skin. In addition to its gentle exfoliating effect, the papain enzyme has skin-soothing and anti-inflammatory properties. Dead skin cells and excess sebum are gently removed, leaving the skin feeling healthy and smooth. Glycerin and Yuzu relieve dryness while stimulating collagen production, contributing to an anti-aging and rejuvenating effect. Suitable for all skin types. &nbsp; Size 75 ml Professional dermocosmetics and aesthetic medicine products. Fast delivery across Estonia.\",\"breadcrumb\":{\"@id\":\"https:\\\/\\\/hansaesthetics.eu\\\/en\\\/product\\\/elementre-enzyme-peel-with-3-papaya-extract-75-ml\\\/#breadcrumb\"},\"inLanguage\":\"en-US\",\"potentialAction\":[{\"@type\":\"ReadAction\",\"target\":[\"https:\\\/\\\/hansaesthetics.eu\\\/en\\\/product\\\/elementre-enzyme-peel-with-3-papaya-extract-75-ml\\\/\"]}]},{\"@type\":\"ImageObject\",\"inLanguage\":\"en-US\",\"@id\":\"https:\\\/\\\/hansaesthetics.eu\\\/en\\\/product\\\/elementre-enzyme-peel-with-3-papaya-extract-75-ml\\\/#primaryimage\",\"url\":\"https:\\\/\\\/hansaesthetics.eu\\\/wp-content\\\/uploads\\\/2025\\\/11\\\/Elementre-3-papaiaektraktiga-ensuumkoorija-75-ml.png\",\"contentUrl\":\"https:\\\/\\\/hansaesthetics.eu\\\/wp-content\\\/uploads\\\/2025\\\/11\\\/Elementre-3-papaiaektraktiga-ensuumkoorija-75-ml.png\",\"width\":600,\"height\":1000,\"caption\":\"Elementr\u0113 3% papaiaektraktiga ens\u00fc\u00fcmkoorija, 75 ml\"},{\"@type\":\"BreadcrumbList\",\"@id\":\"https:\\\/\\\/hansaesthetics.eu\\\/en\\\/product\\\/elementre-enzyme-peel-with-3-papaya-extract-75-ml\\\/#breadcrumb\",\"itemListElement\":[{\"@type\":\"ListItem\",\"position\":1,\"name\":\"Home\",\"item\":\"https:\\\/\\\/hansaesthetics.eu\\\/en\\\/home\\\/\"},{\"@type\":\"ListItem\",\"position\":2,\"name\":\"E-shop\",\"item\":\"https:\\\/\\\/hansaesthetics.eu\\\/en\\\/e-shop\\\/\"},{\"@type\":\"ListItem\",\"position\":3,\"name\":\"Dermocosmetics\",\"item\":\"https:\\\/\\\/hansaesthetics.eu\\\/en\\\/product-category\\\/dermacosmetics\\\/\"},{\"@type\":\"ListItem\",\"position\":4,\"name\":\"Skincare\",\"item\":\"https:\\\/\\\/hansaesthetics.eu\\\/en\\\/product-category\\\/dermacosmetics\\\/facial-care\\\/\"},{\"@type\":\"ListItem\",\"position\":5,\"name\":\"Facial cleansing\",\"item\":\"https:\\\/\\\/hansaesthetics.eu\\\/en\\\/product-category\\\/dermacosmetics\\\/facial-care\\\/facial-cleansing\\\/\"},{\"@type\":\"ListItem\",\"position\":6,\"name\":\"Elementr\u0113 Enzyme Peel with 3% Papaya Extract, 75 ml\"}]},{\"@type\":\"WebSite\",\"@id\":\"https:\\\/\\\/hansaesthetics.eu\\\/en\\\/#website\",\"url\":\"https:\\\/\\\/hansaesthetics.eu\\\/en\\\/\",\"name\":\"Hansa Esthetics\",\"description\":\"Meticulous skin care and professional solutions | Hansa Esthetics\",\"publisher\":{\"@id\":\"https:\\\/\\\/hansaesthetics.eu\\\/en\\\/#organization\"},\"alternateName\":\"Hansa\",\"potentialAction\":[{\"@type\":\"SearchAction\",\"target\":{\"@type\":\"EntryPoint\",\"urlTemplate\":\"https:\\\/\\\/hansaesthetics.eu\\\/en\\\/?s={search_term_string}\"},\"query-input\":{\"@type\":\"PropertyValueSpecification\",\"valueRequired\":true,\"valueName\":\"search_term_string\"}}],\"inLanguage\":\"en-US\"},{\"@type\":\"Organization\",\"@id\":\"https:\\\/\\\/hansaesthetics.eu\\\/en\\\/#organization\",\"name\":\"Hansa Esthetics\",\"url\":\"https:\\\/\\\/hansaesthetics.eu\\\/en\\\/\",\"logo\":{\"@type\":\"ImageObject\",\"inLanguage\":\"en-US\",\"@id\":\"https:\\\/\\\/hansaesthetics.eu\\\/en\\\/#\\\/schema\\\/logo\\\/image\\\/\",\"url\":\"https:\\\/\\\/hansaesthetics.eu\\\/wp-content\\\/uploads\\\/2022\\\/09\\\/1-hansa-esthetics-logo-black-transparent-PNG.png\",\"contentUrl\":\"https:\\\/\\\/hansaesthetics.eu\\\/wp-content\\\/uploads\\\/2022\\\/09\\\/1-hansa-esthetics-logo-black-transparent-PNG.png\",\"width\":454,\"height\":200,\"caption\":\"Hansa Esthetics\"},\"image\":{\"@id\":\"https:\\\/\\\/hansaesthetics.eu\\\/en\\\/#\\\/schema\\\/logo\\\/image\\\/\"},\"sameAs\":[\"https:\\\/\\\/www.facebook.com\\\/hansaesthetics.eu\",\"https:\\\/\\\/www.instagram.com\\\/hansa_esthetics\\\/\"]}]}<\/script>\n<!-- \/ Yoast SEO plugin. -->","yoast_head_json":{"title":"Elementr\u0113 Enzyme Peel with 3% Papaya Extract, 75 ml \u2013 Professionaalne nahahooldus | Hansa Esthetics","description":"Elementr\u0113 Enzyme Peel Gel is a 3% concentrated papaya enzyme exfoliant that gently exfoliates the skin. In addition to its gentle exfoliating effect, the papain enzyme has skin-soothing and anti-inflammatory properties. Dead skin cells and excess sebum are gently removed, leaving the skin feeling healthy and smooth. Glycerin and Yuzu relieve dryness while stimulating collagen production, contributing to an anti-aging and rejuvenating effect. Suitable for all skin types. &nbsp; Size 75 ml Professional dermocosmetics and aesthetic medicine products. Fast delivery across Estonia.","robots":{"index":"index","follow":"follow","max-snippet":"max-snippet:-1","max-image-preview":"max-image-preview:large","max-video-preview":"max-video-preview:-1"},"canonical":"https:\/\/hansaesthetics.eu\/en\/product\/elementre-enzyme-peel-with-3-papaya-extract-75-ml\/","og_locale":"en_US","og_type":"article","og_title":"Elementr\u0113 Enzyme Peel with 3% Papaya Extract, 75 ml \u2013 Professionaalne nahahooldus | Hansa Esthetics","og_description":"Elementr\u0113 Enzyme Peel Gel is a 3% concentrated papaya enzyme exfoliant that gently exfoliates the skin. In addition to its gentle exfoliating effect, the papain enzyme has skin-soothing and anti-inflammatory properties. Dead skin cells and excess sebum are gently removed, leaving the skin feeling healthy and smooth. Glycerin and Yuzu relieve dryness while stimulating collagen production, contributing to an anti-aging and rejuvenating effect. Suitable for all skin types. &nbsp; Size 75 ml Professional dermocosmetics and aesthetic medicine products. Fast delivery across Estonia.","og_url":"https:\/\/hansaesthetics.eu\/en\/product\/elementre-enzyme-peel-with-3-papaya-extract-75-ml\/","og_site_name":"Hansa Esthetics","article_publisher":"https:\/\/www.facebook.com\/hansaesthetics.eu","og_image":[{"width":600,"height":1000,"url":"https:\/\/hansaesthetics.eu\/wp-content\/uploads\/2025\/11\/Elementre-3-papaiaektraktiga-ensuumkoorija-75-ml.png","type":"image\/png"}],"twitter_card":"summary_large_image","twitter_misc":{"Est. reading time":"1 minute"},"schema":{"@context":"https:\/\/schema.org","@graph":[{"@type":"WebPage","@id":"https:\/\/hansaesthetics.eu\/en\/product\/elementre-enzyme-peel-with-3-papaya-extract-75-ml\/","url":"https:\/\/hansaesthetics.eu\/en\/product\/elementre-enzyme-peel-with-3-papaya-extract-75-ml\/","name":"Elementr\u0113 Enzyme Peel with 3% Papaya Extract, 75 ml \u2013 Professionaalne nahahooldus | Hansa Esthetics","isPartOf":{"@id":"https:\/\/hansaesthetics.eu\/en\/#website"},"primaryImageOfPage":{"@id":"https:\/\/hansaesthetics.eu\/en\/product\/elementre-enzyme-peel-with-3-papaya-extract-75-ml\/#primaryimage"},"image":{"@id":"https:\/\/hansaesthetics.eu\/en\/product\/elementre-enzyme-peel-with-3-papaya-extract-75-ml\/#primaryimage"},"thumbnailUrl":"https:\/\/hansaesthetics.eu\/wp-content\/uploads\/2025\/11\/Elementre-3-papaiaektraktiga-ensuumkoorija-75-ml.png","datePublished":"2025-11-17T14:42:49+00:00","description":"Elementr\u0113 Enzyme Peel Gel is a 3% concentrated papaya enzyme exfoliant that gently exfoliates the skin. In addition to its gentle exfoliating effect, the papain enzyme has skin-soothing and anti-inflammatory properties. Dead skin cells and excess sebum are gently removed, leaving the skin feeling healthy and smooth. Glycerin and Yuzu relieve dryness while stimulating collagen production, contributing to an anti-aging and rejuvenating effect. Suitable for all skin types. &nbsp; Size 75 ml Professional dermocosmetics and aesthetic medicine products. Fast delivery across Estonia.","breadcrumb":{"@id":"https:\/\/hansaesthetics.eu\/en\/product\/elementre-enzyme-peel-with-3-papaya-extract-75-ml\/#breadcrumb"},"inLanguage":"en-US","potentialAction":[{"@type":"ReadAction","target":["https:\/\/hansaesthetics.eu\/en\/product\/elementre-enzyme-peel-with-3-papaya-extract-75-ml\/"]}]},{"@type":"ImageObject","inLanguage":"en-US","@id":"https:\/\/hansaesthetics.eu\/en\/product\/elementre-enzyme-peel-with-3-papaya-extract-75-ml\/#primaryimage","url":"https:\/\/hansaesthetics.eu\/wp-content\/uploads\/2025\/11\/Elementre-3-papaiaektraktiga-ensuumkoorija-75-ml.png","contentUrl":"https:\/\/hansaesthetics.eu\/wp-content\/uploads\/2025\/11\/Elementre-3-papaiaektraktiga-ensuumkoorija-75-ml.png","width":600,"height":1000,"caption":"Elementr\u0113 3% papaiaektraktiga ens\u00fc\u00fcmkoorija, 75 ml"},{"@type":"BreadcrumbList","@id":"https:\/\/hansaesthetics.eu\/en\/product\/elementre-enzyme-peel-with-3-papaya-extract-75-ml\/#breadcrumb","itemListElement":[{"@type":"ListItem","position":1,"name":"Home","item":"https:\/\/hansaesthetics.eu\/en\/home\/"},{"@type":"ListItem","position":2,"name":"E-shop","item":"https:\/\/hansaesthetics.eu\/en\/e-shop\/"},{"@type":"ListItem","position":3,"name":"Dermocosmetics","item":"https:\/\/hansaesthetics.eu\/en\/product-category\/dermacosmetics\/"},{"@type":"ListItem","position":4,"name":"Skincare","item":"https:\/\/hansaesthetics.eu\/en\/product-category\/dermacosmetics\/facial-care\/"},{"@type":"ListItem","position":5,"name":"Facial cleansing","item":"https:\/\/hansaesthetics.eu\/en\/product-category\/dermacosmetics\/facial-care\/facial-cleansing\/"},{"@type":"ListItem","position":6,"name":"Elementr\u0113 Enzyme Peel with 3% Papaya Extract, 75 ml"}]},{"@type":"WebSite","@id":"https:\/\/hansaesthetics.eu\/en\/#website","url":"https:\/\/hansaesthetics.eu\/en\/","name":"Hansa Esthetics","description":"Meticulous skin care and professional solutions | Hansa Esthetics","publisher":{"@id":"https:\/\/hansaesthetics.eu\/en\/#organization"},"alternateName":"Hansa","potentialAction":[{"@type":"SearchAction","target":{"@type":"EntryPoint","urlTemplate":"https:\/\/hansaesthetics.eu\/en\/?s={search_term_string}"},"query-input":{"@type":"PropertyValueSpecification","valueRequired":true,"valueName":"search_term_string"}}],"inLanguage":"en-US"},{"@type":"Organization","@id":"https:\/\/hansaesthetics.eu\/en\/#organization","name":"Hansa Esthetics","url":"https:\/\/hansaesthetics.eu\/en\/","logo":{"@type":"ImageObject","inLanguage":"en-US","@id":"https:\/\/hansaesthetics.eu\/en\/#\/schema\/logo\/image\/","url":"https:\/\/hansaesthetics.eu\/wp-content\/uploads\/2022\/09\/1-hansa-esthetics-logo-black-transparent-PNG.png","contentUrl":"https:\/\/hansaesthetics.eu\/wp-content\/uploads\/2022\/09\/1-hansa-esthetics-logo-black-transparent-PNG.png","width":454,"height":200,"caption":"Hansa Esthetics"},"image":{"@id":"https:\/\/hansaesthetics.eu\/en\/#\/schema\/logo\/image\/"},"sameAs":["https:\/\/www.facebook.com\/hansaesthetics.eu","https:\/\/www.instagram.com\/hansa_esthetics\/"]}]}},"_links":{"self":[{"href":"https:\/\/hansaesthetics.eu\/en\/wp-json\/wp\/v2\/product\/5841","targetHints":{"allow":["GET"]}}],"collection":[{"href":"https:\/\/hansaesthetics.eu\/en\/wp-json\/wp\/v2\/product"}],"about":[{"href":"https:\/\/hansaesthetics.eu\/en\/wp-json\/wp\/v2\/types\/product"}],"version-history":[{"count":0,"href":"https:\/\/hansaesthetics.eu\/en\/wp-json\/wp\/v2\/product\/5841\/revisions"}],"wp:featuredmedia":[{"embeddable":true,"href":"https:\/\/hansaesthetics.eu\/en\/wp-json\/wp\/v2\/media\/7282"}],"wp:attachment":[{"href":"https:\/\/hansaesthetics.eu\/en\/wp-json\/wp\/v2\/media?parent=5841"}],"wp:term":[{"taxonomy":"product_brand","embeddable":true,"href":"https:\/\/hansaesthetics.eu\/en\/wp-json\/wp\/v2\/product_brand?post=5841"},{"taxonomy":"product_cat","embeddable":true,"href":"https:\/\/hansaesthetics.eu\/en\/wp-json\/wp\/v2\/product_cat?post=5841"},{"taxonomy":"product_tag","embeddable":true,"href":"https:\/\/hansaesthetics.eu\/en\/wp-json\/wp\/v2\/product_tag?post=5841"}],"curies":[{"name":"wp","href":"https:\/\/api.w.org\/{rel}","templated":true}]}}