{"id":5834,"date":"2025-11-17T14:32:37","date_gmt":"2025-11-17T14:32:37","guid":{"rendered":"https:\/\/hansaesthetics.eu\/toode\/elementre-nourishing-and-deeply-hydrating-face-cream-50-ml\/"},"modified":"2026-04-22T19:50:51","modified_gmt":"2026-04-22T16:50:51","slug":"elementre-nourishing-and-deeply-hydrating-face-cream-50-ml","status":"publish","type":"product","link":"https:\/\/hansaesthetics.eu\/en\/product\/elementre-nourishing-and-deeply-hydrating-face-cream-50-ml\/","title":{"rendered":"Elementr\u0113 nourishing and deeply hydrating face cream, 50 ml"},"content":{"rendered":"<p><strong>How to use<\/strong><\/p>\n<ul>\n<li>Cleanse and dry the skin before use.<\/li>\n<li>Apply a thin layer morning and evening to the face, neck, and d\u00e9colletage.<\/li>\n<li>The use of sunscreen is recommended during the day to provide effective protection against UV radiation and the harmful effects of photoaging.<\/li>\n<\/ul>\n<p><strong>Active ingredients<\/strong>:<\/p>\n<p>Niacinamide: improves skin texture and smooths wrinkles. Has an anti-inflammatory effect on acne and rosacea irritation.<\/p>\n<p>Hyaluronic acid: increases skin moisture and reduces the appearance of fine lines and wrinkles. Soothes redness and dermatitis.<\/p>\n<p><b>Ingredients: <\/b>Aqua (Water), Isostearyl Isostearate, Dicaprylyl Carbonate, Hydrogenated Vegetable Glycerides, Silica, Glycerin, Hydroxyethyl Acrylate\/Sodium Acryloyldimethyl Taurate Copolymer, Sodium Stearoyl Glutamate, Squalane, Sodium Hyaluronate, Niacinamide, Allantoin, Glyceryl Stearate, Leontopodium Alpinum Flower\/Leaf Extract, Palmitoyl Tripeptide-1, Palmitoyl Tetrapeptide-7, Ethylhexylglycerin, Tocopherol, Polysorbate 60, Sorbitan Isostearate, Sodium Lactate, Citric Acid, Phenoxyethanol, Coco-Glucoside, Butylene Glycol, Parfum (Fragrance), Carbomer<\/p>\n","protected":false},"excerpt":{"rendered":"<p>Elementr\u0113 6% Niacinamide and Hyaluronic Acid (HA) hydrating face cream combines a 6% Niacinamide and Hyaluronic Acid complex to provide the skin with intense hydration and soothing. Niacinamide improves the skin barrier, reduces redness, and evens out skin tone, while hyaluronic acid provides a deep hydrating effect that helps maintain skin moisture. Peptides and allantoin stimulate collagen and elastin production, making the skin smoother and more elastic. Suitable for normal, combination, and oily skin types, including sensitive or acne-prone skin.<\/p>\n<p>&nbsp;<\/p>\n<p>Size 50 ml<\/p>\n","protected":false},"featured_media":5835,"template":"","meta":[],"product_brand":[],"product_cat":[187,207,205],"product_tag":[200,226],"class_list":{"0":"post-5834","1":"product","2":"type-product","3":"status-publish","4":"has-post-thumbnail","6":"product_cat-dermacosmetics","7":"product_cat-face-creams","8":"product_cat-facial-care","9":"product_tag-for-home-users","10":"product_tag-step-3","12":"first","13":"instock","14":"taxable","15":"shipping-taxable","16":"purchasable","17":"product-type-simple"},"yoast_head":"<!-- This site is optimized with the Yoast SEO plugin v27.6 - https:\/\/yoast.com\/product\/yoast-seo-wordpress\/ -->\n<title>Elementr\u0113 nourishing and deeply hydrating face cream, 50 ml \u2013 Professionaalne nahahooldus | Hansa Esthetics<\/title>\n<meta name=\"description\" content=\"Elementr\u0113 6% Niacinamide and Hyaluronic Acid (HA) hydrating face cream combines a 6% Niacinamide and Hyaluronic Acid complex to provide the skin with intense hydration and soothing. Niacinamide improves the skin barrier, reduces redness, and evens out skin tone, while hyaluronic acid provides a deep hydrating effect that helps maintain skin moisture. Peptides and allantoin stimulate collagen and elastin production, making the skin smoother and more elastic. Suitable for normal, combination, and oily skin types, including sensitive or acne-prone skin. &nbsp; Size 50 ml Professional dermocosmetics and aesthetic medicine products. Fast delivery across Estonia.\" \/>\n<meta name=\"robots\" content=\"index, follow, max-snippet:-1, max-image-preview:large, max-video-preview:-1\" \/>\n<link rel=\"canonical\" href=\"https:\/\/hansaesthetics.eu\/en\/product\/elementre-nourishing-and-deeply-hydrating-face-cream-50-ml\/\" \/>\n<meta property=\"og:locale\" content=\"en_US\" \/>\n<meta property=\"og:type\" content=\"article\" \/>\n<meta property=\"og:title\" content=\"Elementr\u0113 nourishing and deeply hydrating face cream, 50 ml \u2013 Professionaalne nahahooldus | Hansa Esthetics\" \/>\n<meta property=\"og:description\" content=\"Elementr\u0113 6% Niacinamide and Hyaluronic Acid (HA) hydrating face cream combines a 6% Niacinamide and Hyaluronic Acid complex to provide the skin with intense hydration and soothing. Niacinamide improves the skin barrier, reduces redness, and evens out skin tone, while hyaluronic acid provides a deep hydrating effect that helps maintain skin moisture. Peptides and allantoin stimulate collagen and elastin production, making the skin smoother and more elastic. Suitable for normal, combination, and oily skin types, including sensitive or acne-prone skin. &nbsp; Size 50 ml Professional dermocosmetics and aesthetic medicine products. Fast delivery across Estonia.\" \/>\n<meta property=\"og:url\" content=\"https:\/\/hansaesthetics.eu\/en\/product\/elementre-nourishing-and-deeply-hydrating-face-cream-50-ml\/\" \/>\n<meta property=\"og:site_name\" content=\"Hansa Esthetics\" \/>\n<meta property=\"article:publisher\" content=\"https:\/\/www.facebook.com\/hansaesthetics.eu\" \/>\n<meta property=\"article:modified_time\" content=\"2026-04-22T16:50:51+00:00\" \/>\n<meta property=\"og:image\" content=\"https:\/\/hansaesthetics.eu\/wp-content\/uploads\/2025\/11\/Elementre-toitev-ja-sugavniisutav-naokreem-50-ml.png\" \/>\n\t<meta property=\"og:image:width\" content=\"600\" \/>\n\t<meta property=\"og:image:height\" content=\"1000\" \/>\n\t<meta property=\"og:image:type\" content=\"image\/png\" \/>\n<meta name=\"twitter:card\" content=\"summary_large_image\" \/>\n<meta name=\"twitter:label1\" content=\"Est. reading time\" \/>\n\t<meta name=\"twitter:data1\" content=\"1 minute\" \/>\n<script type=\"application\/ld+json\" class=\"yoast-schema-graph\">{\"@context\":\"https:\\\/\\\/schema.org\",\"@graph\":[{\"@type\":\"WebPage\",\"@id\":\"https:\\\/\\\/hansaesthetics.eu\\\/en\\\/product\\\/elementre-nourishing-and-deeply-hydrating-face-cream-50-ml\\\/\",\"url\":\"https:\\\/\\\/hansaesthetics.eu\\\/en\\\/product\\\/elementre-nourishing-and-deeply-hydrating-face-cream-50-ml\\\/\",\"name\":\"Elementr\u0113 nourishing and deeply hydrating face cream, 50 ml \u2013 Professionaalne nahahooldus | Hansa Esthetics\",\"isPartOf\":{\"@id\":\"https:\\\/\\\/hansaesthetics.eu\\\/en\\\/#website\"},\"primaryImageOfPage\":{\"@id\":\"https:\\\/\\\/hansaesthetics.eu\\\/en\\\/product\\\/elementre-nourishing-and-deeply-hydrating-face-cream-50-ml\\\/#primaryimage\"},\"image\":{\"@id\":\"https:\\\/\\\/hansaesthetics.eu\\\/en\\\/product\\\/elementre-nourishing-and-deeply-hydrating-face-cream-50-ml\\\/#primaryimage\"},\"thumbnailUrl\":\"https:\\\/\\\/hansaesthetics.eu\\\/wp-content\\\/uploads\\\/2025\\\/11\\\/Elementre-toitev-ja-sugavniisutav-naokreem-50-ml.png\",\"datePublished\":\"2025-11-17T14:32:37+00:00\",\"dateModified\":\"2026-04-22T16:50:51+00:00\",\"description\":\"Elementr\u0113 6% Niacinamide and Hyaluronic Acid (HA) hydrating face cream combines a 6% Niacinamide and Hyaluronic Acid complex to provide the skin with intense hydration and soothing. Niacinamide improves the skin barrier, reduces redness, and evens out skin tone, while hyaluronic acid provides a deep hydrating effect that helps maintain skin moisture. Peptides and allantoin stimulate collagen and elastin production, making the skin smoother and more elastic. Suitable for normal, combination, and oily skin types, including sensitive or acne-prone skin. &nbsp; Size 50 ml Professional dermocosmetics and aesthetic medicine products. Fast delivery across Estonia.\",\"breadcrumb\":{\"@id\":\"https:\\\/\\\/hansaesthetics.eu\\\/en\\\/product\\\/elementre-nourishing-and-deeply-hydrating-face-cream-50-ml\\\/#breadcrumb\"},\"inLanguage\":\"en-US\",\"potentialAction\":[{\"@type\":\"ReadAction\",\"target\":[\"https:\\\/\\\/hansaesthetics.eu\\\/en\\\/product\\\/elementre-nourishing-and-deeply-hydrating-face-cream-50-ml\\\/\"]}]},{\"@type\":\"ImageObject\",\"inLanguage\":\"en-US\",\"@id\":\"https:\\\/\\\/hansaesthetics.eu\\\/en\\\/product\\\/elementre-nourishing-and-deeply-hydrating-face-cream-50-ml\\\/#primaryimage\",\"url\":\"https:\\\/\\\/hansaesthetics.eu\\\/wp-content\\\/uploads\\\/2025\\\/11\\\/Elementre-toitev-ja-sugavniisutav-naokreem-50-ml.png\",\"contentUrl\":\"https:\\\/\\\/hansaesthetics.eu\\\/wp-content\\\/uploads\\\/2025\\\/11\\\/Elementre-toitev-ja-sugavniisutav-naokreem-50-ml.png\",\"width\":600,\"height\":1000,\"caption\":\"Elementr\u0113 toitev ja s\u00fcgavniisutav n\u00e4okreem, 50 ml\"},{\"@type\":\"BreadcrumbList\",\"@id\":\"https:\\\/\\\/hansaesthetics.eu\\\/en\\\/product\\\/elementre-nourishing-and-deeply-hydrating-face-cream-50-ml\\\/#breadcrumb\",\"itemListElement\":[{\"@type\":\"ListItem\",\"position\":1,\"name\":\"Home\",\"item\":\"https:\\\/\\\/hansaesthetics.eu\\\/en\\\/home\\\/\"},{\"@type\":\"ListItem\",\"position\":2,\"name\":\"E-shop\",\"item\":\"https:\\\/\\\/hansaesthetics.eu\\\/en\\\/e-shop\\\/\"},{\"@type\":\"ListItem\",\"position\":3,\"name\":\"Dermocosmetics\",\"item\":\"https:\\\/\\\/hansaesthetics.eu\\\/en\\\/product-category\\\/dermacosmetics\\\/\"},{\"@type\":\"ListItem\",\"position\":4,\"name\":\"Skincare\",\"item\":\"https:\\\/\\\/hansaesthetics.eu\\\/en\\\/product-category\\\/dermacosmetics\\\/facial-care\\\/\"},{\"@type\":\"ListItem\",\"position\":5,\"name\":\"Face creams\",\"item\":\"https:\\\/\\\/hansaesthetics.eu\\\/en\\\/product-category\\\/dermacosmetics\\\/facial-care\\\/face-creams\\\/\"},{\"@type\":\"ListItem\",\"position\":6,\"name\":\"Elementr\u0113 nourishing and deeply hydrating face cream, 50 ml\"}]},{\"@type\":\"WebSite\",\"@id\":\"https:\\\/\\\/hansaesthetics.eu\\\/en\\\/#website\",\"url\":\"https:\\\/\\\/hansaesthetics.eu\\\/en\\\/\",\"name\":\"Hansa Esthetics\",\"description\":\"Meticulous skin care and professional solutions | Hansa Esthetics\",\"publisher\":{\"@id\":\"https:\\\/\\\/hansaesthetics.eu\\\/en\\\/#organization\"},\"alternateName\":\"Hansa\",\"potentialAction\":[{\"@type\":\"SearchAction\",\"target\":{\"@type\":\"EntryPoint\",\"urlTemplate\":\"https:\\\/\\\/hansaesthetics.eu\\\/en\\\/?s={search_term_string}\"},\"query-input\":{\"@type\":\"PropertyValueSpecification\",\"valueRequired\":true,\"valueName\":\"search_term_string\"}}],\"inLanguage\":\"en-US\"},{\"@type\":\"Organization\",\"@id\":\"https:\\\/\\\/hansaesthetics.eu\\\/en\\\/#organization\",\"name\":\"Hansa Esthetics\",\"url\":\"https:\\\/\\\/hansaesthetics.eu\\\/en\\\/\",\"logo\":{\"@type\":\"ImageObject\",\"inLanguage\":\"en-US\",\"@id\":\"https:\\\/\\\/hansaesthetics.eu\\\/en\\\/#\\\/schema\\\/logo\\\/image\\\/\",\"url\":\"https:\\\/\\\/hansaesthetics.eu\\\/wp-content\\\/uploads\\\/2022\\\/09\\\/1-hansa-esthetics-logo-black-transparent-PNG.png\",\"contentUrl\":\"https:\\\/\\\/hansaesthetics.eu\\\/wp-content\\\/uploads\\\/2022\\\/09\\\/1-hansa-esthetics-logo-black-transparent-PNG.png\",\"width\":454,\"height\":200,\"caption\":\"Hansa Esthetics\"},\"image\":{\"@id\":\"https:\\\/\\\/hansaesthetics.eu\\\/en\\\/#\\\/schema\\\/logo\\\/image\\\/\"},\"sameAs\":[\"https:\\\/\\\/www.facebook.com\\\/hansaesthetics.eu\",\"https:\\\/\\\/www.instagram.com\\\/hansa_esthetics\\\/\"]}]}<\/script>\n<!-- \/ Yoast SEO plugin. -->","yoast_head_json":{"title":"Elementr\u0113 nourishing and deeply hydrating face cream, 50 ml \u2013 Professionaalne nahahooldus | Hansa Esthetics","description":"Elementr\u0113 6% Niacinamide and Hyaluronic Acid (HA) hydrating face cream combines a 6% Niacinamide and Hyaluronic Acid complex to provide the skin with intense hydration and soothing. Niacinamide improves the skin barrier, reduces redness, and evens out skin tone, while hyaluronic acid provides a deep hydrating effect that helps maintain skin moisture. Peptides and allantoin stimulate collagen and elastin production, making the skin smoother and more elastic. Suitable for normal, combination, and oily skin types, including sensitive or acne-prone skin. &nbsp; Size 50 ml Professional dermocosmetics and aesthetic medicine products. Fast delivery across Estonia.","robots":{"index":"index","follow":"follow","max-snippet":"max-snippet:-1","max-image-preview":"max-image-preview:large","max-video-preview":"max-video-preview:-1"},"canonical":"https:\/\/hansaesthetics.eu\/en\/product\/elementre-nourishing-and-deeply-hydrating-face-cream-50-ml\/","og_locale":"en_US","og_type":"article","og_title":"Elementr\u0113 nourishing and deeply hydrating face cream, 50 ml \u2013 Professionaalne nahahooldus | Hansa Esthetics","og_description":"Elementr\u0113 6% Niacinamide and Hyaluronic Acid (HA) hydrating face cream combines a 6% Niacinamide and Hyaluronic Acid complex to provide the skin with intense hydration and soothing. Niacinamide improves the skin barrier, reduces redness, and evens out skin tone, while hyaluronic acid provides a deep hydrating effect that helps maintain skin moisture. Peptides and allantoin stimulate collagen and elastin production, making the skin smoother and more elastic. Suitable for normal, combination, and oily skin types, including sensitive or acne-prone skin. &nbsp; Size 50 ml Professional dermocosmetics and aesthetic medicine products. Fast delivery across Estonia.","og_url":"https:\/\/hansaesthetics.eu\/en\/product\/elementre-nourishing-and-deeply-hydrating-face-cream-50-ml\/","og_site_name":"Hansa Esthetics","article_publisher":"https:\/\/www.facebook.com\/hansaesthetics.eu","article_modified_time":"2026-04-22T16:50:51+00:00","og_image":[{"width":600,"height":1000,"url":"https:\/\/hansaesthetics.eu\/wp-content\/uploads\/2025\/11\/Elementre-toitev-ja-sugavniisutav-naokreem-50-ml.png","type":"image\/png"}],"twitter_card":"summary_large_image","twitter_misc":{"Est. reading time":"1 minute"},"schema":{"@context":"https:\/\/schema.org","@graph":[{"@type":"WebPage","@id":"https:\/\/hansaesthetics.eu\/en\/product\/elementre-nourishing-and-deeply-hydrating-face-cream-50-ml\/","url":"https:\/\/hansaesthetics.eu\/en\/product\/elementre-nourishing-and-deeply-hydrating-face-cream-50-ml\/","name":"Elementr\u0113 nourishing and deeply hydrating face cream, 50 ml \u2013 Professionaalne nahahooldus | Hansa Esthetics","isPartOf":{"@id":"https:\/\/hansaesthetics.eu\/en\/#website"},"primaryImageOfPage":{"@id":"https:\/\/hansaesthetics.eu\/en\/product\/elementre-nourishing-and-deeply-hydrating-face-cream-50-ml\/#primaryimage"},"image":{"@id":"https:\/\/hansaesthetics.eu\/en\/product\/elementre-nourishing-and-deeply-hydrating-face-cream-50-ml\/#primaryimage"},"thumbnailUrl":"https:\/\/hansaesthetics.eu\/wp-content\/uploads\/2025\/11\/Elementre-toitev-ja-sugavniisutav-naokreem-50-ml.png","datePublished":"2025-11-17T14:32:37+00:00","dateModified":"2026-04-22T16:50:51+00:00","description":"Elementr\u0113 6% Niacinamide and Hyaluronic Acid (HA) hydrating face cream combines a 6% Niacinamide and Hyaluronic Acid complex to provide the skin with intense hydration and soothing. Niacinamide improves the skin barrier, reduces redness, and evens out skin tone, while hyaluronic acid provides a deep hydrating effect that helps maintain skin moisture. Peptides and allantoin stimulate collagen and elastin production, making the skin smoother and more elastic. Suitable for normal, combination, and oily skin types, including sensitive or acne-prone skin. &nbsp; Size 50 ml Professional dermocosmetics and aesthetic medicine products. Fast delivery across Estonia.","breadcrumb":{"@id":"https:\/\/hansaesthetics.eu\/en\/product\/elementre-nourishing-and-deeply-hydrating-face-cream-50-ml\/#breadcrumb"},"inLanguage":"en-US","potentialAction":[{"@type":"ReadAction","target":["https:\/\/hansaesthetics.eu\/en\/product\/elementre-nourishing-and-deeply-hydrating-face-cream-50-ml\/"]}]},{"@type":"ImageObject","inLanguage":"en-US","@id":"https:\/\/hansaesthetics.eu\/en\/product\/elementre-nourishing-and-deeply-hydrating-face-cream-50-ml\/#primaryimage","url":"https:\/\/hansaesthetics.eu\/wp-content\/uploads\/2025\/11\/Elementre-toitev-ja-sugavniisutav-naokreem-50-ml.png","contentUrl":"https:\/\/hansaesthetics.eu\/wp-content\/uploads\/2025\/11\/Elementre-toitev-ja-sugavniisutav-naokreem-50-ml.png","width":600,"height":1000,"caption":"Elementr\u0113 toitev ja s\u00fcgavniisutav n\u00e4okreem, 50 ml"},{"@type":"BreadcrumbList","@id":"https:\/\/hansaesthetics.eu\/en\/product\/elementre-nourishing-and-deeply-hydrating-face-cream-50-ml\/#breadcrumb","itemListElement":[{"@type":"ListItem","position":1,"name":"Home","item":"https:\/\/hansaesthetics.eu\/en\/home\/"},{"@type":"ListItem","position":2,"name":"E-shop","item":"https:\/\/hansaesthetics.eu\/en\/e-shop\/"},{"@type":"ListItem","position":3,"name":"Dermocosmetics","item":"https:\/\/hansaesthetics.eu\/en\/product-category\/dermacosmetics\/"},{"@type":"ListItem","position":4,"name":"Skincare","item":"https:\/\/hansaesthetics.eu\/en\/product-category\/dermacosmetics\/facial-care\/"},{"@type":"ListItem","position":5,"name":"Face creams","item":"https:\/\/hansaesthetics.eu\/en\/product-category\/dermacosmetics\/facial-care\/face-creams\/"},{"@type":"ListItem","position":6,"name":"Elementr\u0113 nourishing and deeply hydrating face cream, 50 ml"}]},{"@type":"WebSite","@id":"https:\/\/hansaesthetics.eu\/en\/#website","url":"https:\/\/hansaesthetics.eu\/en\/","name":"Hansa Esthetics","description":"Meticulous skin care and professional solutions | Hansa Esthetics","publisher":{"@id":"https:\/\/hansaesthetics.eu\/en\/#organization"},"alternateName":"Hansa","potentialAction":[{"@type":"SearchAction","target":{"@type":"EntryPoint","urlTemplate":"https:\/\/hansaesthetics.eu\/en\/?s={search_term_string}"},"query-input":{"@type":"PropertyValueSpecification","valueRequired":true,"valueName":"search_term_string"}}],"inLanguage":"en-US"},{"@type":"Organization","@id":"https:\/\/hansaesthetics.eu\/en\/#organization","name":"Hansa Esthetics","url":"https:\/\/hansaesthetics.eu\/en\/","logo":{"@type":"ImageObject","inLanguage":"en-US","@id":"https:\/\/hansaesthetics.eu\/en\/#\/schema\/logo\/image\/","url":"https:\/\/hansaesthetics.eu\/wp-content\/uploads\/2022\/09\/1-hansa-esthetics-logo-black-transparent-PNG.png","contentUrl":"https:\/\/hansaesthetics.eu\/wp-content\/uploads\/2022\/09\/1-hansa-esthetics-logo-black-transparent-PNG.png","width":454,"height":200,"caption":"Hansa Esthetics"},"image":{"@id":"https:\/\/hansaesthetics.eu\/en\/#\/schema\/logo\/image\/"},"sameAs":["https:\/\/www.facebook.com\/hansaesthetics.eu","https:\/\/www.instagram.com\/hansa_esthetics\/"]}]}},"_links":{"self":[{"href":"https:\/\/hansaesthetics.eu\/en\/wp-json\/wp\/v2\/product\/5834","targetHints":{"allow":["GET"]}}],"collection":[{"href":"https:\/\/hansaesthetics.eu\/en\/wp-json\/wp\/v2\/product"}],"about":[{"href":"https:\/\/hansaesthetics.eu\/en\/wp-json\/wp\/v2\/types\/product"}],"version-history":[{"count":0,"href":"https:\/\/hansaesthetics.eu\/en\/wp-json\/wp\/v2\/product\/5834\/revisions"}],"wp:featuredmedia":[{"embeddable":true,"href":"https:\/\/hansaesthetics.eu\/en\/wp-json\/wp\/v2\/media\/5835"}],"wp:attachment":[{"href":"https:\/\/hansaesthetics.eu\/en\/wp-json\/wp\/v2\/media?parent=5834"}],"wp:term":[{"taxonomy":"product_brand","embeddable":true,"href":"https:\/\/hansaesthetics.eu\/en\/wp-json\/wp\/v2\/product_brand?post=5834"},{"taxonomy":"product_cat","embeddable":true,"href":"https:\/\/hansaesthetics.eu\/en\/wp-json\/wp\/v2\/product_cat?post=5834"},{"taxonomy":"product_tag","embeddable":true,"href":"https:\/\/hansaesthetics.eu\/en\/wp-json\/wp\/v2\/product_tag?post=5834"}],"curies":[{"name":"wp","href":"https:\/\/api.w.org\/{rel}","templated":true}]}}