{"id":5828,"date":"2025-11-17T14:48:33","date_gmt":"2025-11-17T14:48:33","guid":{"rendered":"https:\/\/hansaesthetics.eu\/toode\/elementre-micellar-water-with-2-glycerin-200ml\/"},"modified":"2026-03-30T18:14:34","modified_gmt":"2026-03-30T18:14:34","slug":"elementre-micellar-water-with-2-glycerin-200ml","status":"publish","type":"product","link":"https:\/\/hansaesthetics.eu\/en\/product\/elementre-micellar-water-with-2-glycerin-200ml\/","title":{"rendered":"Elementr\u0113 Micellar Water with 2% Glycerin, 200ml"},"content":{"rendered":"<p><strong>How to use micellar water<\/strong><\/p>\n<ul>\n<li>Use morning, evening, and as needed to cleanse the skin and prepare it for subsequent skincare products. Also suitable for a quick refresh during the day. <\/li>\n<li>Apply to a cotton pad and gently sweep over the eye area, face, neck, and d\u00e9colletage.<\/li>\n<li>No rinsing required after use.<\/li>\n<li>For best results, follow with an Elementr\u0113 serum and\/or other moisturizing products. During the day, the use of sunscreen is recommended to provide effective protection against the harmful effects of UV radiation and photoaging. <\/li>\n<\/ul>\n<p><strong>Active ingredients:<\/strong><\/p>\n<p>Glycerin: increases skin moisture, relieves dryness.<\/p>\n<p>Allantoin: moisturizing, soothing, and anti-irritant properties.<\/p>\n<p>Peru Balsam: helps prevent bacterial growth.<\/p>\n<p><strong>Ingredients<\/strong>: Aqua (water), Glycerin, Poloxamer 184, Allantoin, Phenoxyethanol, PEG-40 Hydrogenated Castor Oil, Cetrimonium Bromide, Sodium Gluconate, Butylene Glycol, Propanediol, Sodium Hydroxide, Sodium Citrate, Mirabilis Jalapa Extract, Parfum (fragrance), Citric Acid.<\/p>\n","protected":false},"excerpt":{"rendered":"<p>Elementr\u0113 Micellar Water is the ideal product for easy, smooth makeup removal and deep skin cleansing. It removes all types of makeup, including eye makeup, while soothing and hydrating the skin with glycerin and allantoin. The Peru Balsam in the product provides an antibacterial effect. A simple and versatile cleanser that removes all types of makeup while soothing and moisturizing the skin. Can be used around the eye area.     <\/p>\n<p>&nbsp;<\/p>\n<p>Size 200 ml<\/p>\n","protected":false},"featured_media":7279,"template":"","meta":[],"product_brand":[],"product_cat":[187,211,205],"product_tag":[200,227],"class_list":{"0":"post-5828","1":"product","2":"type-product","3":"status-publish","4":"has-post-thumbnail","6":"product_cat-dermacosmetics","7":"product_cat-facial-cleansing","8":"product_cat-facial-care","9":"product_tag-for-home-users","10":"product_tag-step-1","12":"first","13":"instock","14":"taxable","15":"shipping-taxable","16":"purchasable","17":"product-type-simple"},"yoast_head":"<!-- This site is optimized with the Yoast SEO plugin v27.6 - https:\/\/yoast.com\/product\/yoast-seo-wordpress\/ -->\n<title>Elementr\u0113 Micellar Water with 2% Glycerin, 200ml \u2013 Professionaalne nahahooldus | Hansa Esthetics<\/title>\n<meta name=\"description\" content=\"Elementr\u0113 Micellar Water is the ideal product for easy, smooth makeup removal and deep skin cleansing. It removes all types of makeup, including eye makeup, while soothing and hydrating the skin with glycerin and allantoin. The Peru Balsam in the product provides an antibacterial effect. A simple and versatile cleanser that removes all types of makeup while soothing and moisturizing the skin. Can be used around the eye area.    &nbsp; Size 200 ml Professional dermocosmetics and aesthetic medicine products. Fast delivery across Estonia.\" \/>\n<meta name=\"robots\" content=\"index, follow, max-snippet:-1, max-image-preview:large, max-video-preview:-1\" \/>\n<link rel=\"canonical\" href=\"https:\/\/hansaesthetics.eu\/en\/product\/elementre-micellar-water-with-2-glycerin-200ml\/\" \/>\n<meta property=\"og:locale\" content=\"en_US\" \/>\n<meta property=\"og:type\" content=\"article\" \/>\n<meta property=\"og:title\" content=\"Elementr\u0113 Micellar Water with 2% Glycerin, 200ml \u2013 Professionaalne nahahooldus | Hansa Esthetics\" \/>\n<meta property=\"og:description\" content=\"Elementr\u0113 Micellar Water is the ideal product for easy, smooth makeup removal and deep skin cleansing. It removes all types of makeup, including eye makeup, while soothing and hydrating the skin with glycerin and allantoin. The Peru Balsam in the product provides an antibacterial effect. A simple and versatile cleanser that removes all types of makeup while soothing and moisturizing the skin. Can be used around the eye area.    &nbsp; Size 200 ml Professional dermocosmetics and aesthetic medicine products. Fast delivery across Estonia.\" \/>\n<meta property=\"og:url\" content=\"https:\/\/hansaesthetics.eu\/en\/product\/elementre-micellar-water-with-2-glycerin-200ml\/\" \/>\n<meta property=\"og:site_name\" content=\"Hansa Esthetics\" \/>\n<meta property=\"article:publisher\" content=\"https:\/\/www.facebook.com\/hansaesthetics.eu\" \/>\n<meta property=\"article:modified_time\" content=\"2026-03-30T18:14:34+00:00\" \/>\n<meta property=\"og:image\" content=\"https:\/\/hansaesthetics.eu\/wp-content\/uploads\/2025\/11\/Elementre-mitsellaarvesi-2-glutseriiniga-200ml.png\" \/>\n\t<meta property=\"og:image:width\" content=\"600\" \/>\n\t<meta property=\"og:image:height\" content=\"1000\" \/>\n\t<meta property=\"og:image:type\" content=\"image\/png\" \/>\n<meta name=\"twitter:card\" content=\"summary_large_image\" \/>\n<meta name=\"twitter:label1\" content=\"Est. reading time\" \/>\n\t<meta name=\"twitter:data1\" content=\"1 minute\" \/>\n<script type=\"application\/ld+json\" class=\"yoast-schema-graph\">{\"@context\":\"https:\\\/\\\/schema.org\",\"@graph\":[{\"@type\":\"WebPage\",\"@id\":\"https:\\\/\\\/hansaesthetics.eu\\\/en\\\/product\\\/elementre-micellar-water-with-2-glycerin-200ml\\\/\",\"url\":\"https:\\\/\\\/hansaesthetics.eu\\\/en\\\/product\\\/elementre-micellar-water-with-2-glycerin-200ml\\\/\",\"name\":\"Elementr\u0113 Micellar Water with 2% Glycerin, 200ml \u2013 Professionaalne nahahooldus | Hansa Esthetics\",\"isPartOf\":{\"@id\":\"https:\\\/\\\/hansaesthetics.eu\\\/en\\\/#website\"},\"primaryImageOfPage\":{\"@id\":\"https:\\\/\\\/hansaesthetics.eu\\\/en\\\/product\\\/elementre-micellar-water-with-2-glycerin-200ml\\\/#primaryimage\"},\"image\":{\"@id\":\"https:\\\/\\\/hansaesthetics.eu\\\/en\\\/product\\\/elementre-micellar-water-with-2-glycerin-200ml\\\/#primaryimage\"},\"thumbnailUrl\":\"https:\\\/\\\/hansaesthetics.eu\\\/wp-content\\\/uploads\\\/2025\\\/11\\\/Elementre-mitsellaarvesi-2-glutseriiniga-200ml.png\",\"datePublished\":\"2025-11-17T14:48:33+00:00\",\"dateModified\":\"2026-03-30T18:14:34+00:00\",\"description\":\"Elementr\u0113 Micellar Water is the ideal product for easy, smooth makeup removal and deep skin cleansing. It removes all types of makeup, including eye makeup, while soothing and hydrating the skin with glycerin and allantoin. The Peru Balsam in the product provides an antibacterial effect. A simple and versatile cleanser that removes all types of makeup while soothing and moisturizing the skin. Can be used around the eye area. &nbsp; Size 200 ml Professional dermocosmetics and aesthetic medicine products. Fast delivery across Estonia.\",\"breadcrumb\":{\"@id\":\"https:\\\/\\\/hansaesthetics.eu\\\/en\\\/product\\\/elementre-micellar-water-with-2-glycerin-200ml\\\/#breadcrumb\"},\"inLanguage\":\"en-US\",\"potentialAction\":[{\"@type\":\"ReadAction\",\"target\":[\"https:\\\/\\\/hansaesthetics.eu\\\/en\\\/product\\\/elementre-micellar-water-with-2-glycerin-200ml\\\/\"]}]},{\"@type\":\"ImageObject\",\"inLanguage\":\"en-US\",\"@id\":\"https:\\\/\\\/hansaesthetics.eu\\\/en\\\/product\\\/elementre-micellar-water-with-2-glycerin-200ml\\\/#primaryimage\",\"url\":\"https:\\\/\\\/hansaesthetics.eu\\\/wp-content\\\/uploads\\\/2025\\\/11\\\/Elementre-mitsellaarvesi-2-glutseriiniga-200ml.png\",\"contentUrl\":\"https:\\\/\\\/hansaesthetics.eu\\\/wp-content\\\/uploads\\\/2025\\\/11\\\/Elementre-mitsellaarvesi-2-glutseriiniga-200ml.png\",\"width\":600,\"height\":1000,\"caption\":\"Mitsellaarvee kasutamine Kasuta hommikul, \u00f5htul ning vastavalt vajadusele, et puhastada nahk mustusest ja valmistada see ette j\u00e4rgnevateks nahahooldustoodeteks. Sobib kasutamiseks ka p\u00e4eva jooksul, kui vajad kiiret v\u00e4rskendust. Kanna lahus vatipadjale ning libista sellega \u00f5rnalt \u00fcle silma\u00fcmbruse, n\u00e4o, kaela ja dekoltee. P\u00e4rast kasutamist ei ole vaja nahka veega loputada. Parima tulemuse saavutamiseks j\u00e4tka Elementr\u0113 seerumi ja\\\/v\u00f5i teiste niisutavate toodetega. P\u00e4evasel ajal on soovitatav kasutada p\u00e4ikesekaitsevahendit, et pakkuda nahale t\u00f5husat kaitset UV-kiirguse ja fotovananemise kahjuliku m\u00f5ju eest. Aktiivained: Gl\u00fctseriin: suurendab naha niiskust, leevendab kuivust. Allantoiin: niisutavad, rahustavad ja \u00e4rritusvastased omadused. Peruu palsam: aitab v\u00e4ltida bakterite kasvu. Koostis: Aqua (water), Glycerin, Poloxamer 184, Allantoin, Phenoxyethanol, PEG-40 Hydrogenated Castor Oil, Cetrimonium Bromide, Sodium Gluconate, Butylene Glycol, Propanediol, Sodium Hydroxide, Sodium Citrate, Mirabilis Jalapa Extract, Parfum (fragrance), Citric Acid.\"},{\"@type\":\"BreadcrumbList\",\"@id\":\"https:\\\/\\\/hansaesthetics.eu\\\/en\\\/product\\\/elementre-micellar-water-with-2-glycerin-200ml\\\/#breadcrumb\",\"itemListElement\":[{\"@type\":\"ListItem\",\"position\":1,\"name\":\"Home\",\"item\":\"https:\\\/\\\/hansaesthetics.eu\\\/en\\\/home\\\/\"},{\"@type\":\"ListItem\",\"position\":2,\"name\":\"E-shop\",\"item\":\"https:\\\/\\\/hansaesthetics.eu\\\/en\\\/e-shop\\\/\"},{\"@type\":\"ListItem\",\"position\":3,\"name\":\"Dermocosmetics\",\"item\":\"https:\\\/\\\/hansaesthetics.eu\\\/en\\\/product-category\\\/dermacosmetics\\\/\"},{\"@type\":\"ListItem\",\"position\":4,\"name\":\"Skincare\",\"item\":\"https:\\\/\\\/hansaesthetics.eu\\\/en\\\/product-category\\\/dermacosmetics\\\/facial-care\\\/\"},{\"@type\":\"ListItem\",\"position\":5,\"name\":\"Facial cleansing\",\"item\":\"https:\\\/\\\/hansaesthetics.eu\\\/en\\\/product-category\\\/dermacosmetics\\\/facial-care\\\/facial-cleansing\\\/\"},{\"@type\":\"ListItem\",\"position\":6,\"name\":\"Elementr\u0113 Micellar Water with 2% Glycerin, 200ml\"}]},{\"@type\":\"WebSite\",\"@id\":\"https:\\\/\\\/hansaesthetics.eu\\\/en\\\/#website\",\"url\":\"https:\\\/\\\/hansaesthetics.eu\\\/en\\\/\",\"name\":\"Hansa Esthetics\",\"description\":\"Meticulous skin care and professional solutions | Hansa Esthetics\",\"publisher\":{\"@id\":\"https:\\\/\\\/hansaesthetics.eu\\\/en\\\/#organization\"},\"alternateName\":\"Hansa\",\"potentialAction\":[{\"@type\":\"SearchAction\",\"target\":{\"@type\":\"EntryPoint\",\"urlTemplate\":\"https:\\\/\\\/hansaesthetics.eu\\\/en\\\/?s={search_term_string}\"},\"query-input\":{\"@type\":\"PropertyValueSpecification\",\"valueRequired\":true,\"valueName\":\"search_term_string\"}}],\"inLanguage\":\"en-US\"},{\"@type\":\"Organization\",\"@id\":\"https:\\\/\\\/hansaesthetics.eu\\\/en\\\/#organization\",\"name\":\"Hansa Esthetics\",\"url\":\"https:\\\/\\\/hansaesthetics.eu\\\/en\\\/\",\"logo\":{\"@type\":\"ImageObject\",\"inLanguage\":\"en-US\",\"@id\":\"https:\\\/\\\/hansaesthetics.eu\\\/en\\\/#\\\/schema\\\/logo\\\/image\\\/\",\"url\":\"https:\\\/\\\/hansaesthetics.eu\\\/wp-content\\\/uploads\\\/2022\\\/09\\\/1-hansa-esthetics-logo-black-transparent-PNG.png\",\"contentUrl\":\"https:\\\/\\\/hansaesthetics.eu\\\/wp-content\\\/uploads\\\/2022\\\/09\\\/1-hansa-esthetics-logo-black-transparent-PNG.png\",\"width\":454,\"height\":200,\"caption\":\"Hansa Esthetics\"},\"image\":{\"@id\":\"https:\\\/\\\/hansaesthetics.eu\\\/en\\\/#\\\/schema\\\/logo\\\/image\\\/\"},\"sameAs\":[\"https:\\\/\\\/www.facebook.com\\\/hansaesthetics.eu\",\"https:\\\/\\\/www.instagram.com\\\/hansa_esthetics\\\/\"]}]}<\/script>\n<!-- \/ Yoast SEO plugin. -->","yoast_head_json":{"title":"Elementr\u0113 Micellar Water with 2% Glycerin, 200ml \u2013 Professionaalne nahahooldus | Hansa Esthetics","description":"Elementr\u0113 Micellar Water is the ideal product for easy, smooth makeup removal and deep skin cleansing. It removes all types of makeup, including eye makeup, while soothing and hydrating the skin with glycerin and allantoin. The Peru Balsam in the product provides an antibacterial effect. A simple and versatile cleanser that removes all types of makeup while soothing and moisturizing the skin. Can be used around the eye area.    &nbsp; Size 200 ml Professional dermocosmetics and aesthetic medicine products. Fast delivery across Estonia.","robots":{"index":"index","follow":"follow","max-snippet":"max-snippet:-1","max-image-preview":"max-image-preview:large","max-video-preview":"max-video-preview:-1"},"canonical":"https:\/\/hansaesthetics.eu\/en\/product\/elementre-micellar-water-with-2-glycerin-200ml\/","og_locale":"en_US","og_type":"article","og_title":"Elementr\u0113 Micellar Water with 2% Glycerin, 200ml \u2013 Professionaalne nahahooldus | Hansa Esthetics","og_description":"Elementr\u0113 Micellar Water is the ideal product for easy, smooth makeup removal and deep skin cleansing. It removes all types of makeup, including eye makeup, while soothing and hydrating the skin with glycerin and allantoin. The Peru Balsam in the product provides an antibacterial effect. A simple and versatile cleanser that removes all types of makeup while soothing and moisturizing the skin. Can be used around the eye area.    &nbsp; Size 200 ml Professional dermocosmetics and aesthetic medicine products. Fast delivery across Estonia.","og_url":"https:\/\/hansaesthetics.eu\/en\/product\/elementre-micellar-water-with-2-glycerin-200ml\/","og_site_name":"Hansa Esthetics","article_publisher":"https:\/\/www.facebook.com\/hansaesthetics.eu","article_modified_time":"2026-03-30T18:14:34+00:00","og_image":[{"width":600,"height":1000,"url":"https:\/\/hansaesthetics.eu\/wp-content\/uploads\/2025\/11\/Elementre-mitsellaarvesi-2-glutseriiniga-200ml.png","type":"image\/png"}],"twitter_card":"summary_large_image","twitter_misc":{"Est. reading time":"1 minute"},"schema":{"@context":"https:\/\/schema.org","@graph":[{"@type":"WebPage","@id":"https:\/\/hansaesthetics.eu\/en\/product\/elementre-micellar-water-with-2-glycerin-200ml\/","url":"https:\/\/hansaesthetics.eu\/en\/product\/elementre-micellar-water-with-2-glycerin-200ml\/","name":"Elementr\u0113 Micellar Water with 2% Glycerin, 200ml \u2013 Professionaalne nahahooldus | Hansa Esthetics","isPartOf":{"@id":"https:\/\/hansaesthetics.eu\/en\/#website"},"primaryImageOfPage":{"@id":"https:\/\/hansaesthetics.eu\/en\/product\/elementre-micellar-water-with-2-glycerin-200ml\/#primaryimage"},"image":{"@id":"https:\/\/hansaesthetics.eu\/en\/product\/elementre-micellar-water-with-2-glycerin-200ml\/#primaryimage"},"thumbnailUrl":"https:\/\/hansaesthetics.eu\/wp-content\/uploads\/2025\/11\/Elementre-mitsellaarvesi-2-glutseriiniga-200ml.png","datePublished":"2025-11-17T14:48:33+00:00","dateModified":"2026-03-30T18:14:34+00:00","description":"Elementr\u0113 Micellar Water is the ideal product for easy, smooth makeup removal and deep skin cleansing. It removes all types of makeup, including eye makeup, while soothing and hydrating the skin with glycerin and allantoin. The Peru Balsam in the product provides an antibacterial effect. A simple and versatile cleanser that removes all types of makeup while soothing and moisturizing the skin. Can be used around the eye area. &nbsp; Size 200 ml Professional dermocosmetics and aesthetic medicine products. Fast delivery across Estonia.","breadcrumb":{"@id":"https:\/\/hansaesthetics.eu\/en\/product\/elementre-micellar-water-with-2-glycerin-200ml\/#breadcrumb"},"inLanguage":"en-US","potentialAction":[{"@type":"ReadAction","target":["https:\/\/hansaesthetics.eu\/en\/product\/elementre-micellar-water-with-2-glycerin-200ml\/"]}]},{"@type":"ImageObject","inLanguage":"en-US","@id":"https:\/\/hansaesthetics.eu\/en\/product\/elementre-micellar-water-with-2-glycerin-200ml\/#primaryimage","url":"https:\/\/hansaesthetics.eu\/wp-content\/uploads\/2025\/11\/Elementre-mitsellaarvesi-2-glutseriiniga-200ml.png","contentUrl":"https:\/\/hansaesthetics.eu\/wp-content\/uploads\/2025\/11\/Elementre-mitsellaarvesi-2-glutseriiniga-200ml.png","width":600,"height":1000,"caption":"Mitsellaarvee kasutamine Kasuta hommikul, \u00f5htul ning vastavalt vajadusele, et puhastada nahk mustusest ja valmistada see ette j\u00e4rgnevateks nahahooldustoodeteks. Sobib kasutamiseks ka p\u00e4eva jooksul, kui vajad kiiret v\u00e4rskendust. Kanna lahus vatipadjale ning libista sellega \u00f5rnalt \u00fcle silma\u00fcmbruse, n\u00e4o, kaela ja dekoltee. P\u00e4rast kasutamist ei ole vaja nahka veega loputada. Parima tulemuse saavutamiseks j\u00e4tka Elementr\u0113 seerumi ja\/v\u00f5i teiste niisutavate toodetega. P\u00e4evasel ajal on soovitatav kasutada p\u00e4ikesekaitsevahendit, et pakkuda nahale t\u00f5husat kaitset UV-kiirguse ja fotovananemise kahjuliku m\u00f5ju eest. Aktiivained: Gl\u00fctseriin: suurendab naha niiskust, leevendab kuivust. Allantoiin: niisutavad, rahustavad ja \u00e4rritusvastased omadused. Peruu palsam: aitab v\u00e4ltida bakterite kasvu. Koostis: Aqua (water), Glycerin, Poloxamer 184, Allantoin, Phenoxyethanol, PEG-40 Hydrogenated Castor Oil, Cetrimonium Bromide, Sodium Gluconate, Butylene Glycol, Propanediol, Sodium Hydroxide, Sodium Citrate, Mirabilis Jalapa Extract, Parfum (fragrance), Citric Acid."},{"@type":"BreadcrumbList","@id":"https:\/\/hansaesthetics.eu\/en\/product\/elementre-micellar-water-with-2-glycerin-200ml\/#breadcrumb","itemListElement":[{"@type":"ListItem","position":1,"name":"Home","item":"https:\/\/hansaesthetics.eu\/en\/home\/"},{"@type":"ListItem","position":2,"name":"E-shop","item":"https:\/\/hansaesthetics.eu\/en\/e-shop\/"},{"@type":"ListItem","position":3,"name":"Dermocosmetics","item":"https:\/\/hansaesthetics.eu\/en\/product-category\/dermacosmetics\/"},{"@type":"ListItem","position":4,"name":"Skincare","item":"https:\/\/hansaesthetics.eu\/en\/product-category\/dermacosmetics\/facial-care\/"},{"@type":"ListItem","position":5,"name":"Facial cleansing","item":"https:\/\/hansaesthetics.eu\/en\/product-category\/dermacosmetics\/facial-care\/facial-cleansing\/"},{"@type":"ListItem","position":6,"name":"Elementr\u0113 Micellar Water with 2% Glycerin, 200ml"}]},{"@type":"WebSite","@id":"https:\/\/hansaesthetics.eu\/en\/#website","url":"https:\/\/hansaesthetics.eu\/en\/","name":"Hansa Esthetics","description":"Meticulous skin care and professional solutions | Hansa Esthetics","publisher":{"@id":"https:\/\/hansaesthetics.eu\/en\/#organization"},"alternateName":"Hansa","potentialAction":[{"@type":"SearchAction","target":{"@type":"EntryPoint","urlTemplate":"https:\/\/hansaesthetics.eu\/en\/?s={search_term_string}"},"query-input":{"@type":"PropertyValueSpecification","valueRequired":true,"valueName":"search_term_string"}}],"inLanguage":"en-US"},{"@type":"Organization","@id":"https:\/\/hansaesthetics.eu\/en\/#organization","name":"Hansa Esthetics","url":"https:\/\/hansaesthetics.eu\/en\/","logo":{"@type":"ImageObject","inLanguage":"en-US","@id":"https:\/\/hansaesthetics.eu\/en\/#\/schema\/logo\/image\/","url":"https:\/\/hansaesthetics.eu\/wp-content\/uploads\/2022\/09\/1-hansa-esthetics-logo-black-transparent-PNG.png","contentUrl":"https:\/\/hansaesthetics.eu\/wp-content\/uploads\/2022\/09\/1-hansa-esthetics-logo-black-transparent-PNG.png","width":454,"height":200,"caption":"Hansa Esthetics"},"image":{"@id":"https:\/\/hansaesthetics.eu\/en\/#\/schema\/logo\/image\/"},"sameAs":["https:\/\/www.facebook.com\/hansaesthetics.eu","https:\/\/www.instagram.com\/hansa_esthetics\/"]}]}},"_links":{"self":[{"href":"https:\/\/hansaesthetics.eu\/en\/wp-json\/wp\/v2\/product\/5828","targetHints":{"allow":["GET"]}}],"collection":[{"href":"https:\/\/hansaesthetics.eu\/en\/wp-json\/wp\/v2\/product"}],"about":[{"href":"https:\/\/hansaesthetics.eu\/en\/wp-json\/wp\/v2\/types\/product"}],"version-history":[{"count":0,"href":"https:\/\/hansaesthetics.eu\/en\/wp-json\/wp\/v2\/product\/5828\/revisions"}],"wp:featuredmedia":[{"embeddable":true,"href":"https:\/\/hansaesthetics.eu\/en\/wp-json\/wp\/v2\/media\/7279"}],"wp:attachment":[{"href":"https:\/\/hansaesthetics.eu\/en\/wp-json\/wp\/v2\/media?parent=5828"}],"wp:term":[{"taxonomy":"product_brand","embeddable":true,"href":"https:\/\/hansaesthetics.eu\/en\/wp-json\/wp\/v2\/product_brand?post=5828"},{"taxonomy":"product_cat","embeddable":true,"href":"https:\/\/hansaesthetics.eu\/en\/wp-json\/wp\/v2\/product_cat?post=5828"},{"taxonomy":"product_tag","embeddable":true,"href":"https:\/\/hansaesthetics.eu\/en\/wp-json\/wp\/v2\/product_tag?post=5828"}],"curies":[{"name":"wp","href":"https:\/\/api.w.org\/{rel}","templated":true}]}}